{"id":24486,"date":"2021-04-12T12:11:49","date_gmt":"2021-04-12T10:11:49","guid":{"rendered":"https:\/\/zbrz.uwr.edu.pl\/strona-glowna2-2\/"},"modified":"2023-01-24T12:27:42","modified_gmt":"2023-01-24T11:27:42","slug":"strona-glowna2-2","status":"publish","type":"page","link":"https:\/\/zbrz.uwr.edu.pl\/en\/","title":{"rendered":"Strona G\u0142\u00f3wna"},"content":{"rendered":"\n<div class=\"bs_add_mobile_custom_menu\"><\/div>\n\n\n\n<div class=\"wp-block-columns bs-section-baner bs_add_contained_custom_menu is-layout-flex wp-block-columns-is-layout-flex\">\n<div class=\"wp-block-column bs-baner-first-column is-layout-flow wp-block-column-is-layout-flow\" style=\"flex-basis:60%\"><div class=\"n2_clear\"><ss3-force-full-width data-overflow-x=\"body\" data-horizontal-selector=\"body\"><div class=\"n2-section-smartslider fitvidsignore  n2_clear\" data-ssid=\"7\"><div id=\"n2-ss-7-align\" class=\"n2-ss-align\"><div class=\"n2-padding\"><div id=\"n2-ss-7\" data-creator=\"Smart Slider 3\" data-responsive=\"fullwidth\" class=\"n2-ss-slider n2-ow n2-has-hover n2notransition  \"><div class=\"n2-ss-slider-wrapper-inside\">\n        <div class=\"n2-ss-slider-1 n2_ss__touch_element n2-ow\">\n            <div class=\"n2-ss-slider-2 n2-ow\">\n                                                <div class=\"n2-ss-slider-3 n2-ow\">\n\n                    <div class=\"n2-ss-slide-backgrounds n2-ow-all\"><div class=\"n2-ss-slide-background\" data-public-id=\"1\" data-mode=\"fill\"><div class=\"n2-ss-slide-background-image\" data-blur=\"0\" data-opacity=\"100\" data-x=\"50\" data-y=\"50\" data-alt=\"danio pregowany\" data-title=\"\"><picture class=\"skip-lazy\" data-skip-lazy=\"1\"><img decoding=\"async\" src=\"\/\/zbrz.uwr.edu.pl\/wp-content\/uploads\/sites\/204\/2022\/12\/danio.png\" alt=\"danio pregowany\" title=\"\" loading=\"lazy\" class=\"skip-lazy\" data-skip-lazy=\"1\"><\/picture><\/div><div data-color=\"RGBA(255,255,255,0)\" style=\"background-color: RGBA(255,255,255,0);\" class=\"n2-ss-slide-background-color\"><\/div><\/div><div class=\"n2-ss-slide-background\" data-public-id=\"2\" data-mode=\"fill\" aria-hidden=\"true\"><div class=\"n2-ss-slide-background-image\" data-blur=\"0\" data-opacity=\"100\" data-x=\"50\" data-y=\"50\" data-alt=\"\" data-title=\"\"><picture class=\"skip-lazy\" data-skip-lazy=\"1\"><img decoding=\"async\" src=\"\/\/zbrz.uwr.edu.pl\/wp-content\/uploads\/sites\/204\/2022\/12\/pexels-artem-podrez-5726692.jpg\" alt=\"\" title=\"\" loading=\"lazy\" class=\"skip-lazy\" data-skip-lazy=\"1\"><\/picture><\/div><div data-color=\"RGBA(255,255,255,0)\" style=\"background-color: RGBA(255,255,255,0);\" class=\"n2-ss-slide-background-color\"><\/div><\/div><div class=\"n2-ss-slide-background\" data-public-id=\"3\" data-mode=\"fill\" aria-hidden=\"true\"><div class=\"n2-ss-slide-background-image\" data-blur=\"0\" data-opacity=\"100\" data-x=\"50\" data-y=\"50\" data-alt=\"Danio1\" data-title=\"\"><picture class=\"skip-lazy\" data-skip-lazy=\"1\"><img decoding=\"async\" src=\"\/\/zbrz.uwr.edu.pl\/wp-content\/uploads\/sites\/204\/2022\/12\/14.jpg\" alt=\"Danio1\" title=\"\" loading=\"lazy\" class=\"skip-lazy\" data-skip-lazy=\"1\"><\/picture><\/div><div data-color=\"RGBA(255,255,255,0)\" style=\"background-color: RGBA(255,255,255,0);\" class=\"n2-ss-slide-background-color\"><\/div><\/div><div class=\"n2-ss-slide-background\" data-public-id=\"4\" data-mode=\"fill\" aria-hidden=\"true\"><div class=\"n2-ss-slide-background-image\" data-blur=\"0\" data-opacity=\"100\" data-x=\"50\" data-y=\"50\" data-alt=\"Danio pr\u0119gowany\" data-title=\"\"><picture class=\"skip-lazy\" data-skip-lazy=\"1\"><img decoding=\"async\" src=\"\/\/zbrz.uwr.edu.pl\/wp-content\/uploads\/sites\/204\/2022\/12\/15.jpg\" alt=\"Danio pr\u0119gowany\" title=\"\" loading=\"lazy\" class=\"skip-lazy\" data-skip-lazy=\"1\"><\/picture><\/div><div data-color=\"RGBA(255,255,255,0)\" style=\"background-color: RGBA(255,255,255,0);\" class=\"n2-ss-slide-background-color\"><\/div><\/div><div class=\"n2-ss-slide-background\" data-public-id=\"5\" data-mode=\"fill\" aria-hidden=\"true\"><div class=\"n2-ss-slide-background-image\" data-blur=\"0\" data-opacity=\"100\" data-x=\"50\" data-y=\"50\" data-alt=\"Danio pr\u0119gowany\" data-title=\"\"><picture class=\"skip-lazy\" data-skip-lazy=\"1\"><img decoding=\"async\" src=\"\/\/zbrz.uwr.edu.pl\/wp-content\/uploads\/sites\/204\/2022\/12\/17.jpg\" alt=\"Danio pr\u0119gowany\" title=\"\" loading=\"lazy\" class=\"skip-lazy\" data-skip-lazy=\"1\"><\/picture><\/div><div data-color=\"RGBA(255,255,255,0)\" style=\"background-color: RGBA(255,255,255,0);\" class=\"n2-ss-slide-background-color\"><\/div><\/div><\/div>                    <div class=\"n2-ss-slider-4 n2-ow\">\n                        <svg xmlns=\"http:\/\/www.w3.org\/2000\/svg\" viewBox=\"0 0 1200 600\" data-related-device=\"desktopPortrait\" class=\"n2-ow n2-ss-preserve-size n2-ss-preserve-size--slider n2-ss-slide-limiter\"><\/svg><div data-first=\"1\" data-slide-duration=\"0\" data-id=\"54\" data-slide-public-id=\"1\" data-title=\"danio\" class=\"n2-ss-slide n2-ow  n2-ss-slide-54\"><div role=\"note\" class=\"n2-ss-slide--focus\" tabindex=\"-1\">danio<\/div><div class=\"n2-ss-layers-container n2-ss-slide-limiter n2-ow\"><div class=\"n2-ss-layer n2-ow n-uc-Se7lyz5qTYMF\" data-sstype=\"slide\" data-pm=\"default\"><\/div><\/div><\/div><div data-slide-duration=\"0\" data-id=\"57\" data-slide-public-id=\"2\" aria-hidden=\"true\" data-title=\"pexels-artem-podrez-5726692\" class=\"n2-ss-slide n2-ow  n2-ss-slide-57\"><div role=\"note\" class=\"n2-ss-slide--focus\" tabindex=\"-1\">pexels-artem-podrez-5726692<\/div><div class=\"n2-ss-layers-container n2-ss-slide-limiter n2-ow\"><div class=\"n2-ss-layer n2-ow n-uc-u4KkCSVeq4Ff\" data-sstype=\"slide\" data-pm=\"default\"><\/div><\/div><\/div><div data-slide-duration=\"0\" data-id=\"63\" data-slide-public-id=\"3\" aria-hidden=\"true\" data-title=\"Danio pr\u0119gowany\" class=\"n2-ss-slide n2-ow  n2-ss-slide-63\"><div role=\"note\" class=\"n2-ss-slide--focus\" tabindex=\"-1\">Danio pr\u0119gowany<\/div><div class=\"n2-ss-layers-container n2-ss-slide-limiter n2-ow\"><div class=\"n2-ss-layer n2-ow n-uc-ZH3YoGsNZEPd\" data-sstype=\"slide\" data-pm=\"default\"><\/div><\/div><\/div><div data-slide-duration=\"0\" data-id=\"66\" data-slide-public-id=\"4\" aria-hidden=\"true\" data-title=\"DanDanioo2\" class=\"n2-ss-slide n2-ow  n2-ss-slide-66\"><div role=\"note\" class=\"n2-ss-slide--focus\" tabindex=\"-1\">DanDanioo2<\/div><div class=\"n2-ss-layers-container n2-ss-slide-limiter n2-ow\"><div class=\"n2-ss-layer n2-ow n-uc-wvBjmuSVmJMr\" data-sstype=\"slide\" data-pm=\"default\"><\/div><\/div><\/div><div data-slide-duration=\"0\" data-id=\"69\" data-slide-public-id=\"5\" aria-hidden=\"true\" data-title=\"Danio17\" class=\"n2-ss-slide n2-ow  n2-ss-slide-69\"><div role=\"note\" class=\"n2-ss-slide--focus\" tabindex=\"-1\">Danio17<\/div><div class=\"n2-ss-layers-container n2-ss-slide-limiter n2-ow\"><div class=\"n2-ss-layer n2-ow n-uc-Bf2v4kXPB4EC\" data-sstype=\"slide\" data-pm=\"default\"><\/div><\/div><\/div>                    <\/div>\n\n                                    <\/div>\n            <\/div>\n        <\/div>\n        <div class=\"n2-ss-slider-controls n2-ss-slider-controls-absolute-left-center\"><div style=\"--widget-offset:15px;\" class=\"n2-ss-widget nextend-arrow n2-ow-all nextend-arrow-previous  nextend-arrow-animated-fade\" data-hide-mobileportrait=\"1\" id=\"n2-ss-7-arrow-previous\" role=\"button\" aria-label=\"previous arrow\" tabindex=\"0\"><img loading=\"lazy\" decoding=\"async\" width=\"32\" height=\"32\" class=\"skip-lazy\" data-skip-lazy=\"1\" src=\"data:image\/svg+xml;base64,PHN2ZyB3aWR0aD0iMzIiIGhlaWdodD0iMzIiIHZpZXdCb3g9IjAgMCAzMiAzMiIgeG1sbnM9Imh0dHA6Ly93d3cudzMub3JnLzIwMDAvc3ZnIj4KICAgIDxwYXRoIGQ9Ik0xMS40MzMgMTUuOTkyTDIyLjY5IDUuNzEyYy4zOTMtLjM5LjM5My0xLjAzIDAtMS40Mi0uMzkzLS4zOS0xLjAzLS4zOS0xLjQyMyAwbC0xMS45OCAxMC45NGMtLjIxLjIxLS4zLjQ5LS4yODUuNzYtLjAxNS4yOC4wNzUuNTYuMjg0Ljc3bDExLjk4IDEwLjk0Yy4zOTMuMzkgMS4wMy4zOSAxLjQyNCAwIC4zOTMtLjQuMzkzLTEuMDMgMC0xLjQybC0xMS4yNTctMTAuMjkiCiAgICAgICAgICBmaWxsPSIjZmZmZmZmIiBvcGFjaXR5PSIwLjgiIGZpbGwtcnVsZT0iZXZlbm9kZCIvPgo8L3N2Zz4=\" alt=\"previous arrow\"><\/div><\/div><div class=\"n2-ss-slider-controls n2-ss-slider-controls-absolute-right-center\"><div style=\"--widget-offset:15px;\" class=\"n2-ss-widget nextend-arrow n2-ow-all nextend-arrow-next  nextend-arrow-animated-fade\" data-hide-mobileportrait=\"1\" id=\"n2-ss-7-arrow-next\" role=\"button\" aria-label=\"next arrow\" tabindex=\"0\"><img loading=\"lazy\" decoding=\"async\" width=\"32\" height=\"32\" class=\"skip-lazy\" data-skip-lazy=\"1\" src=\"data:image\/svg+xml;base64,PHN2ZyB3aWR0aD0iMzIiIGhlaWdodD0iMzIiIHZpZXdCb3g9IjAgMCAzMiAzMiIgeG1sbnM9Imh0dHA6Ly93d3cudzMub3JnLzIwMDAvc3ZnIj4KICAgIDxwYXRoIGQ9Ik0xMC43MjIgNC4yOTNjLS4zOTQtLjM5LTEuMDMyLS4zOS0xLjQyNyAwLS4zOTMuMzktLjM5MyAxLjAzIDAgMS40MmwxMS4yODMgMTAuMjgtMTEuMjgzIDEwLjI5Yy0uMzkzLjM5LS4zOTMgMS4wMiAwIDEuNDIuMzk1LjM5IDEuMDMzLjM5IDEuNDI3IDBsMTIuMDA3LTEwLjk0Yy4yMS0uMjEuMy0uNDkuMjg0LS43Ny4wMTQtLjI3LS4wNzYtLjU1LS4yODYtLjc2TDEwLjcyIDQuMjkzeiIKICAgICAgICAgIGZpbGw9IiNmZmZmZmYiIG9wYWNpdHk9IjAuOCIgZmlsbC1ydWxlPSJldmVub2RkIi8+Cjwvc3ZnPg==\" alt=\"next arrow\"><\/div><\/div><\/div><\/div><ss3-loader><\/ss3-loader><\/div><\/div><div class=\"n2_clear\"><\/div><\/div><\/ss3-force-full-width><\/div>\n\n\n<div class=\"wp-block-image bs-baner-strzalka\"><figure class=\"alignright size-large\"><img loading=\"lazy\" decoding=\"async\" width=\"77\" height=\"77\" src=\"https:\/\/zbrz.uwr.edu.pl\/wp-content\/uploads\/sites\/204\/\/2022\/06\/Group-609-1-3.svg\" alt=\"test\" class=\"wp-image-22627\"\/><\/figure><\/div>\n<\/div>\n\n\n\n<div class=\"wp-block-column bs-baner-second-column is-layout-flow wp-block-column-is-layout-flow\" style=\"flex-basis:40%\">\r\n  <a href=\"https:\/\/zbrz.uwr.edu.pl\/kandydaci\/studiuj-z-nami\/\" class=\"bs-baner-text__link\">\r\n    <p class=\"bs-baner-text\">\r\n      Place for a link    <\/p>\r\n  <\/a>\r\n\n\n\n<div class=\"wp-block-columns is-layout-flex wp-block-columns-is-layout-flex\">\n<div class=\"wp-block-column is-layout-flow wp-block-column-is-layout-flow\">\n\n\n\n<div class=\"wp-block-image bs-baner-badawcza\"><figure class=\"alignright size-full\"><img loading=\"lazy\" decoding=\"async\" width=\"1024\" height=\"502\" src=\"https:\/\/zbrz.uwr.edu.pl\/wp-content\/uploads\/sites\/204\/2021\/04\/213@2x-1024x502-1.webp\" alt=\"test\" class=\"wp-image-22635\" srcset=\"https:\/\/zbrz.uwr.edu.pl\/wp-content\/uploads\/sites\/204\/2021\/04\/213@2x-1024x502-1.webp 1024w, https:\/\/zbrz.uwr.edu.pl\/wp-content\/uploads\/sites\/204\/2021\/04\/213@2x-1024x502-1-300x147.webp 300w, https:\/\/zbrz.uwr.edu.pl\/wp-content\/uploads\/sites\/204\/2021\/04\/213@2x-1024x502-1-768x377.webp 768w, https:\/\/zbrz.uwr.edu.pl\/wp-content\/uploads\/sites\/204\/2021\/04\/213@2x-1024x502-1-24x12.webp 24w, https:\/\/zbrz.uwr.edu.pl\/wp-content\/uploads\/sites\/204\/2021\/04\/213@2x-1024x502-1-36x18.webp 36w, https:\/\/zbrz.uwr.edu.pl\/wp-content\/uploads\/sites\/204\/2021\/04\/213@2x-1024x502-1-48x24.webp 48w\" sizes=\"auto, (max-width: 1024px) 100vw, 1024px\" \/><\/figure><\/div>\n<\/div>\n<\/div>\n<\/div>\n<\/div>\n\n\n<div id=\"NewsID\" class=\"aktualnosci-block aktualnosci-block \">\n    <h2 class=\"aktualnosci-block-naglowek aktualnosci-block-naglowek\">News<\/h2>    <div class=\"row\">\n        There is no news to display    <\/div>\n    <div class=\"box-clear\"><\/div>\n<\/div>\n\n\n\n<hr class=\"wp-block-separator has-text-color has-background is-style-wide bs-border-na-sztywno\" style=\"background-color:#fcbd30;color:#fcbd30\"\/>\n\n\n\n<p><\/p>\n\n\n\n<p><\/p>\n","protected":false},"excerpt":{"rendered":"","protected":false},"author":20,"featured_media":0,"parent":0,"menu_order":0,"comment_status":"closed","ping_status":"closed","template":"","meta":{"_acf_changed":false,"inline_featured_image":false,"site-sidebar-layout":"no-sidebar","site-content-layout":"page-builder","ast-site-content-layout":"default","site-content-style":"default","site-sidebar-style":"default","ast-global-header-display":"","ast-banner-title-visibility":"","ast-main-header-display":"","ast-hfb-above-header-display":"","ast-hfb-below-header-display":"","ast-hfb-mobile-header-display":"","site-post-title":"disabled","ast-breadcrumbs-content":"","ast-featured-img":"","footer-sml-layout":"","ast-disable-related-posts":"","theme-transparent-header-meta":"default","adv-header-id-meta":"","stick-header-meta":"","header-above-stick-meta":"","header-main-stick-meta":"","header-below-stick-meta":"","astra-migrate-meta-layouts":"default","ast-page-background-enabled":"default","ast-page-background-meta":{"desktop":{"background-color":"","background-image":"","background-repeat":"repeat","background-position":"center center","background-size":"auto","background-attachment":"scroll","background-type":"","background-media":"","overlay-type":"","overlay-color":"","overlay-opacity":"","overlay-gradient":""},"tablet":{"background-color":"","background-image":"","background-repeat":"repeat","background-position":"center center","background-size":"auto","background-attachment":"scroll","background-type":"","background-media":"","overlay-type":"","overlay-color":"","overlay-opacity":"","overlay-gradient":""},"mobile":{"background-color":"","background-image":"","background-repeat":"repeat","background-position":"center center","background-size":"auto","background-attachment":"scroll","background-type":"","background-media":"","overlay-type":"","overlay-color":"","overlay-opacity":"","overlay-gradient":""}},"ast-content-background-meta":{"desktop":{"background-color":"var(--ast-global-color-5)","background-image":"","background-repeat":"repeat","background-position":"center center","background-size":"auto","background-attachment":"scroll","background-type":"","background-media":"","overlay-type":"","overlay-color":"","overlay-opacity":"","overlay-gradient":""},"tablet":{"background-color":"var(--ast-global-color-5)","background-image":"","background-repeat":"repeat","background-position":"center center","background-size":"auto","background-attachment":"scroll","background-type":"","background-media":"","overlay-type":"","overlay-color":"","overlay-opacity":"","overlay-gradient":""},"mobile":{"background-color":"var(--ast-global-color-5)","background-image":"","background-repeat":"repeat","background-position":"center center","background-size":"auto","background-attachment":"scroll","background-type":"","background-media":"","overlay-type":"","overlay-color":"","overlay-opacity":"","overlay-gradient":""}},"footnotes":""},"categories":[],"tags":[],"class_list":["post-24486","page","type-page","status-publish","hentry"],"featured_image_urls_v2":{"full":"","thumbnail":"","medium":"","medium_large":"","large":"","1536x1536":"","2048x2048":"","menu-24x24":"","menu-36x36":"","menu-48x48":""},"post_excerpt_stackable_v2":"<p>daniopexels-artem-podrez-5726692Danio pr\u0119gowanyDanDanioo2Danio17 Place for a link News There is no news to display<\/p>\n","category_list_v2":"Uncategorized","author_info_v2":{"name":"mmatlinski","url":"https:\/\/zbrz.uwr.edu.pl\/en\/author\/mmatlinski\/"},"comments_num_v2":"0 comments","acf":[],"yoast_head":"<!-- This site is optimized with the Yoast SEO plugin v27.1.1 - https:\/\/yoast.com\/product\/yoast-seo-wordpress\/ -->\n<title>Strona G\u0142\u00f3wna - Zak\u0142ad Biologii Rozwoju Zwierz\u0105t, Wydzia\u0142 Nauk Biologicznych<\/title>\n<meta name=\"robots\" content=\"index, follow, max-snippet:-1, max-image-preview:large, max-video-preview:-1\" \/>\n<link rel=\"canonical\" href=\"https:\/\/zbrz.uwr.edu.pl\/en\/\" \/>\n<meta property=\"og:locale\" content=\"en_US\" \/>\n<meta property=\"og:type\" content=\"article\" \/>\n<meta property=\"og:title\" content=\"Strona G\u0142\u00f3wna - Zak\u0142ad Biologii Rozwoju Zwierz\u0105t, Wydzia\u0142 Nauk Biologicznych\" \/>\n<meta property=\"og:url\" content=\"https:\/\/zbrz.uwr.edu.pl\/en\/\" \/>\n<meta property=\"og:site_name\" content=\"Zak\u0142ad Biologii Rozwoju Zwierz\u0105t, Wydzia\u0142 Nauk Biologicznych\" \/>\n<meta property=\"article:modified_time\" content=\"2023-01-24T11:27:42+00:00\" \/>\n<meta property=\"og:image\" content=\"https:\/\/zbrz.uwr.edu.pl\/wp-content\/uploads\/sites\/204\/\/2022\/06\/Group-609-1-3.svg\" \/>\n<meta name=\"twitter:card\" content=\"summary_large_image\" \/>\n<meta name=\"twitter:label1\" content=\"Est. reading time\" \/>\n\t<meta name=\"twitter:data1\" content=\"1 minute\" \/>\n<script type=\"application\/ld+json\" class=\"yoast-schema-graph\">{\"@context\":\"https:\/\/schema.org\",\"@graph\":[{\"@type\":\"WebPage\",\"@id\":\"https:\/\/zbrz.uwr.edu.pl\/en\/\",\"url\":\"https:\/\/zbrz.uwr.edu.pl\/en\/\",\"name\":\"Strona G\u0142\u00f3wna - Zak\u0142ad Biologii Rozwoju Zwierz\u0105t, Wydzia\u0142 Nauk Biologicznych\",\"isPartOf\":{\"@id\":\"https:\/\/zbrz.uwr.edu.pl\/#website\"},\"primaryImageOfPage\":{\"@id\":\"https:\/\/zbrz.uwr.edu.pl\/en\/#primaryimage\"},\"image\":{\"@id\":\"https:\/\/zbrz.uwr.edu.pl\/en\/#primaryimage\"},\"thumbnailUrl\":\"https:\/\/zbrz.uwr.edu.pl\/wp-content\/uploads\/sites\/204\/\/2022\/06\/Group-609-1-3.svg\",\"datePublished\":\"2021-04-12T10:11:49+00:00\",\"dateModified\":\"2023-01-24T11:27:42+00:00\",\"breadcrumb\":{\"@id\":\"https:\/\/zbrz.uwr.edu.pl\/en\/#breadcrumb\"},\"inLanguage\":\"en-US\",\"potentialAction\":[{\"@type\":\"ReadAction\",\"target\":[\"https:\/\/zbrz.uwr.edu.pl\/en\/\"]}]},{\"@type\":\"ImageObject\",\"inLanguage\":\"en-US\",\"@id\":\"https:\/\/zbrz.uwr.edu.pl\/en\/#primaryimage\",\"url\":\"https:\/\/zbrz.uwr.edu.pl\/wp-content\/uploads\/sites\/204\/\/2022\/06\/Group-609-1-3.svg\",\"contentUrl\":\"https:\/\/zbrz.uwr.edu.pl\/wp-content\/uploads\/sites\/204\/\/2022\/06\/Group-609-1-3.svg\"},{\"@type\":\"BreadcrumbList\",\"@id\":\"https:\/\/zbrz.uwr.edu.pl\/en\/#breadcrumb\",\"itemListElement\":[{\"@type\":\"ListItem\",\"position\":1,\"name\":\"Strona g\u0142\u00f3wna\",\"item\":\"https:\/\/zbrz.uwr.edu.pl\/en\/\"},{\"@type\":\"ListItem\",\"position\":2,\"name\":\"Strona G\u0142\u00f3wna\"}]},{\"@type\":\"WebSite\",\"@id\":\"https:\/\/zbrz.uwr.edu.pl\/#website\",\"url\":\"https:\/\/zbrz.uwr.edu.pl\/\",\"name\":\"Zak\u0142ad Biologii Rozwoju Zwierz\u0105t, Wydzia\u0142 Nauk Biologicznych\",\"description\":\"Kolejna witryna sieci \u201eUWR Witryny\u201d\",\"publisher\":{\"@id\":\"https:\/\/zbrz.uwr.edu.pl\/#organization\"},\"potentialAction\":[{\"@type\":\"SearchAction\",\"target\":{\"@type\":\"EntryPoint\",\"urlTemplate\":\"https:\/\/zbrz.uwr.edu.pl\/?s={search_term_string}\"},\"query-input\":{\"@type\":\"PropertyValueSpecification\",\"valueRequired\":true,\"valueName\":\"search_term_string\"}}],\"inLanguage\":\"en-US\"},{\"@type\":\"Organization\",\"@id\":\"https:\/\/zbrz.uwr.edu.pl\/#organization\",\"name\":\"Zak\u0142ad Biologii Rozwoju Zwierz\u0105t, Wydzia\u0142 Nauk Biologicznych\",\"url\":\"https:\/\/zbrz.uwr.edu.pl\/\",\"logo\":{\"@type\":\"ImageObject\",\"inLanguage\":\"en-US\",\"@id\":\"https:\/\/zbrz.uwr.edu.pl\/#\/schema\/logo\/image\/\",\"url\":\"https:\/\/zbrz.uwr.edu.pl\/wp-content\/uploads\/sites\/204\/2025\/10\/UWr-logotyp-2025.png\",\"contentUrl\":\"https:\/\/zbrz.uwr.edu.pl\/wp-content\/uploads\/sites\/204\/2025\/10\/UWr-logotyp-2025.png\",\"width\":764,\"height\":269,\"caption\":\"Zak\u0142ad Biologii Rozwoju Zwierz\u0105t, Wydzia\u0142 Nauk Biologicznych\"},\"image\":{\"@id\":\"https:\/\/zbrz.uwr.edu.pl\/#\/schema\/logo\/image\/\"}}]}<\/script>\n<!-- \/ Yoast SEO plugin. -->","yoast_head_json":{"title":"Strona G\u0142\u00f3wna - Zak\u0142ad Biologii Rozwoju Zwierz\u0105t, Wydzia\u0142 Nauk Biologicznych","robots":{"index":"index","follow":"follow","max-snippet":"max-snippet:-1","max-image-preview":"max-image-preview:large","max-video-preview":"max-video-preview:-1"},"canonical":"https:\/\/zbrz.uwr.edu.pl\/en\/","og_locale":"en_US","og_type":"article","og_title":"Strona G\u0142\u00f3wna - Zak\u0142ad Biologii Rozwoju Zwierz\u0105t, Wydzia\u0142 Nauk Biologicznych","og_url":"https:\/\/zbrz.uwr.edu.pl\/en\/","og_site_name":"Zak\u0142ad Biologii Rozwoju Zwierz\u0105t, Wydzia\u0142 Nauk Biologicznych","article_modified_time":"2023-01-24T11:27:42+00:00","og_image":[{"url":"https:\/\/zbrz.uwr.edu.pl\/wp-content\/uploads\/sites\/204\/\/2022\/06\/Group-609-1-3.svg","type":"","width":"","height":""}],"twitter_card":"summary_large_image","twitter_misc":{"Est. reading time":"1 minute"},"schema":{"@context":"https:\/\/schema.org","@graph":[{"@type":"WebPage","@id":"https:\/\/zbrz.uwr.edu.pl\/en\/","url":"https:\/\/zbrz.uwr.edu.pl\/en\/","name":"Strona G\u0142\u00f3wna - Zak\u0142ad Biologii Rozwoju Zwierz\u0105t, Wydzia\u0142 Nauk Biologicznych","isPartOf":{"@id":"https:\/\/zbrz.uwr.edu.pl\/#website"},"primaryImageOfPage":{"@id":"https:\/\/zbrz.uwr.edu.pl\/en\/#primaryimage"},"image":{"@id":"https:\/\/zbrz.uwr.edu.pl\/en\/#primaryimage"},"thumbnailUrl":"https:\/\/zbrz.uwr.edu.pl\/wp-content\/uploads\/sites\/204\/\/2022\/06\/Group-609-1-3.svg","datePublished":"2021-04-12T10:11:49+00:00","dateModified":"2023-01-24T11:27:42+00:00","breadcrumb":{"@id":"https:\/\/zbrz.uwr.edu.pl\/en\/#breadcrumb"},"inLanguage":"en-US","potentialAction":[{"@type":"ReadAction","target":["https:\/\/zbrz.uwr.edu.pl\/en\/"]}]},{"@type":"ImageObject","inLanguage":"en-US","@id":"https:\/\/zbrz.uwr.edu.pl\/en\/#primaryimage","url":"https:\/\/zbrz.uwr.edu.pl\/wp-content\/uploads\/sites\/204\/\/2022\/06\/Group-609-1-3.svg","contentUrl":"https:\/\/zbrz.uwr.edu.pl\/wp-content\/uploads\/sites\/204\/\/2022\/06\/Group-609-1-3.svg"},{"@type":"BreadcrumbList","@id":"https:\/\/zbrz.uwr.edu.pl\/en\/#breadcrumb","itemListElement":[{"@type":"ListItem","position":1,"name":"Strona g\u0142\u00f3wna","item":"https:\/\/zbrz.uwr.edu.pl\/en\/"},{"@type":"ListItem","position":2,"name":"Strona G\u0142\u00f3wna"}]},{"@type":"WebSite","@id":"https:\/\/zbrz.uwr.edu.pl\/#website","url":"https:\/\/zbrz.uwr.edu.pl\/","name":"Zak\u0142ad Biologii Rozwoju Zwierz\u0105t, Wydzia\u0142 Nauk Biologicznych","description":"Kolejna witryna sieci \u201eUWR Witryny\u201d","publisher":{"@id":"https:\/\/zbrz.uwr.edu.pl\/#organization"},"potentialAction":[{"@type":"SearchAction","target":{"@type":"EntryPoint","urlTemplate":"https:\/\/zbrz.uwr.edu.pl\/?s={search_term_string}"},"query-input":{"@type":"PropertyValueSpecification","valueRequired":true,"valueName":"search_term_string"}}],"inLanguage":"en-US"},{"@type":"Organization","@id":"https:\/\/zbrz.uwr.edu.pl\/#organization","name":"Zak\u0142ad Biologii Rozwoju Zwierz\u0105t, Wydzia\u0142 Nauk Biologicznych","url":"https:\/\/zbrz.uwr.edu.pl\/","logo":{"@type":"ImageObject","inLanguage":"en-US","@id":"https:\/\/zbrz.uwr.edu.pl\/#\/schema\/logo\/image\/","url":"https:\/\/zbrz.uwr.edu.pl\/wp-content\/uploads\/sites\/204\/2025\/10\/UWr-logotyp-2025.png","contentUrl":"https:\/\/zbrz.uwr.edu.pl\/wp-content\/uploads\/sites\/204\/2025\/10\/UWr-logotyp-2025.png","width":764,"height":269,"caption":"Zak\u0142ad Biologii Rozwoju Zwierz\u0105t, Wydzia\u0142 Nauk Biologicznych"},"image":{"@id":"https:\/\/zbrz.uwr.edu.pl\/#\/schema\/logo\/image\/"}}]}},"publishpress_future_action":{"enabled":false,"date":"2026-04-18 22:54:38","action":"change-status","newStatus":"draft","terms":[],"taxonomy":"category","extraData":[]},"publishpress_future_workflow_manual_trigger":{"enabledWorkflows":[]},"_links":{"self":[{"href":"https:\/\/zbrz.uwr.edu.pl\/en\/wp-json\/wp\/v2\/pages\/24486\/"}],"collection":[{"href":"https:\/\/zbrz.uwr.edu.pl\/en\/wp-json\/wp\/v2\/pages\/"}],"about":[{"href":"https:\/\/zbrz.uwr.edu.pl\/en\/wp-json\/wp\/v2\/types\/page\/"}],"author":[{"embeddable":true,"href":"https:\/\/zbrz.uwr.edu.pl\/en\/wp-json\/wp\/v2\/users\/20\/"}],"replies":[{"embeddable":true,"href":"https:\/\/zbrz.uwr.edu.pl\/en\/wp-json\/wp\/v2\/comments\/?post=24486"}],"version-history":[{"count":4,"href":"https:\/\/zbrz.uwr.edu.pl\/en\/wp-json\/wp\/v2\/pages\/24486\/revisions\/"}],"predecessor-version":[{"id":24573,"href":"https:\/\/zbrz.uwr.edu.pl\/en\/wp-json\/wp\/v2\/pages\/24486\/revisions\/24573\/"}],"wp:attachment":[{"href":"https:\/\/zbrz.uwr.edu.pl\/en\/wp-json\/wp\/v2\/media\/?parent=24486"}],"wp:term":[{"taxonomy":"category","embeddable":true,"href":"https:\/\/zbrz.uwr.edu.pl\/en\/wp-json\/wp\/v2\/categories\/?post=24486"},{"taxonomy":"post_tag","embeddable":true,"href":"https:\/\/zbrz.uwr.edu.pl\/en\/wp-json\/wp\/v2\/tags\/?post=24486"}],"curies":[{"name":"wp","href":"https:\/\/api.w.org\/{rel}","templated":true}]}}